{"id":266,"date":"2024-09-16T14:04:39","date_gmt":"2024-09-16T14:04:39","guid":{"rendered":"https:\/\/physiotherapie-prante.de\/?page_id=266"},"modified":"2024-11-14T15:31:30","modified_gmt":"2024-11-14T15:31:30","slug":"impressum","status":"publish","type":"page","link":"https:\/\/physiotherapie-prante.de\/?page_id=266","title":{"rendered":"Impressum"},"content":{"rendered":"\t\t<div data-elementor-type=\"wp-page\" data-elementor-id=\"266\" class=\"elementor elementor-266\" data-elementor-post-type=\"page\">\n\t\t\t\t\t\t<section class=\"elementor-section elementor-top-section elementor-element elementor-element-d215ee1 elementor-section-boxed elementor-section-height-default elementor-section-height-default\" data-id=\"d215ee1\" data-element_type=\"section\" data-settings=\"{&quot;background_background&quot;:&quot;gradient&quot;}\">\n\t\t\t\t\t\t<div class=\"elementor-container elementor-column-gap-default\">\n\t\t\t\t\t<div class=\"elementor-column elementor-col-100 elementor-top-column elementor-element elementor-element-4717281\" data-id=\"4717281\" data-element_type=\"column\" data-settings=\"{&quot;background_background&quot;:&quot;gradient&quot;}\">\n\t\t\t<div class=\"elementor-widget-wrap elementor-element-populated\">\n\t\t\t\t\t<div class=\"elementor-background-overlay\"><\/div>\n\t\t\t\t\t\t<div class=\"elementor-element elementor-element-1fe16d1 elementor-widget elementor-widget-heading\" data-id=\"1fe16d1\" data-element_type=\"widget\" data-widget_type=\"heading.default\">\n\t\t\t\t<div class=\"elementor-widget-container\">\n\t\t\t\t\t<h2 class=\"elementor-heading-title elementor-size-default\">Impressum<\/h2>\t\t\t\t<\/div>\n\t\t\t\t<\/div>\n\t\t\t\t<div class=\"elementor-element elementor-element-2175eef elementor-icon-list--layout-inline elementor-align-center elementor-widget__width-auto elementor-list-item-link-full_width elementor-widget elementor-widget-icon-list\" data-id=\"2175eef\" data-element_type=\"widget\" data-widget_type=\"icon-list.default\">\n\t\t\t\t<div class=\"elementor-widget-container\">\n\t\t\t\t\t\t\t<ul class=\"elementor-icon-list-items elementor-inline-items\">\n\t\t\t\t\t\t\t<li class=\"elementor-icon-list-item elementor-inline-item\">\n\t\t\t\t\t\t\t\t\t\t<span class=\"elementor-icon-list-text\">Home<\/span>\n\t\t\t\t\t\t\t\t\t<\/li>\n\t\t\t\t\t\t\t\t<li class=\"elementor-icon-list-item elementor-inline-item\">\n\t\t\t\t\t\t\t\t\t\t\t<span class=\"elementor-icon-list-icon\">\n\t\t\t\t\t\t\t<svg aria-hidden=\"true\" class=\"e-font-icon-svg e-fas-chevron-right\" viewBox=\"0 0 320 512\" xmlns=\"http:\/\/www.w3.org\/2000\/svg\"><path d=\"M285.476 272.971L91.132 467.314c-9.373 9.373-24.569 9.373-33.941 0l-22.667-22.667c-9.357-9.357-9.375-24.522-.04-33.901L188.505 256 34.484 101.255c-9.335-9.379-9.317-24.544.04-33.901l22.667-22.667c9.373-9.373 24.569-9.373 33.941 0L285.475 239.03c9.373 9.372 9.373 24.568.001 33.941z\"><\/path><\/svg>\t\t\t\t\t\t<\/span>\n\t\t\t\t\t\t\t\t\t\t<span class=\"elementor-icon-list-text\">Impressum<\/span>\n\t\t\t\t\t\t\t\t\t<\/li>\n\t\t\t\t\t\t<\/ul>\n\t\t\t\t\t\t<\/div>\n\t\t\t\t<\/div>\n\t\t\t\t\t<\/div>\n\t\t<\/div>\n\t\t\t\t\t<\/div>\n\t\t<\/section>\n\t\t<div class=\"elementor-element elementor-element-94aea9c e-flex e-con-boxed e-con e-parent\" data-id=\"94aea9c\" data-element_type=\"container\">\n\t\t\t\t\t<div class=\"e-con-inner\">\n\t\t\t\t<div class=\"elementor-element elementor-element-3e0a238 elementor-widget elementor-widget-text-editor\" data-id=\"3e0a238\" data-element_type=\"widget\" data-widget_type=\"text-editor.default\">\n\t\t\t\t<div class=\"elementor-widget-container\">\n\t\t\t\t\t\t\t\t\t<p>Silke Prante<\/p><p>Nadorster Stra\u00dfe 117<br \/>26123 Oldenburg<br \/>Deutschland<br \/><br \/><\/p><p>Telefon: 0441-87376<\/p><p>Mail:\u00a0praxisprante@ewe.net<\/p><p>Kleinunternehmer gem\u00e4\u00df \u00a7 19 UStG<\/p><p>Berufshaftpflichtversicherung:<\/p><p>\u00d6ffentliche Oldenburg<br \/>Staugraben 11<br \/>26122 Oldenburg<br \/>Der r\u00e4umliche Geltungsbereich des Versicherungsschutzes umfasst T\u00e4tigkeiten in Es besteht &#8211; unbeschadet der \u00fcbrigen Vertragsbestimmungen &#8211; Versicherungsschutz nur, soweit und solange dem keine auf die Vertragsparteien direkt anwendbaren Wirtschafts-, Handels- oder Finanzsanktionen bzw. Embargos der Europ\u00e4ischen Union oder der Bundesrepublik Deutschland entgegenstehen. Dies gilt auch f\u00fcr Wirtschafts-, Handels- oder Finanzsanktionen bzw. Embargos, die durch die Vereinigten Staaten von Amerika in Hinblick auf den Iran erlassen werden, soweit dem nicht europ\u00e4ische oder deutsche Rechtsvorschriften entgegenstehen..<\/p><p>Die Berufsbezeichnung Physiotherapeut wurde in Deutschland verliehen.<\/p><p>Mitglied der Verband Physikalische Therapie<\/p><p>Berufsrechtliche Regelungen: Zulassung, abrufbar unter: www.zulassung-heilmittel.de<\/p><p>Zust\u00e4ndige Zulassungsbeh\u00f6rde: Verband der Ersatzkassen e. V., Landesvertretung Niedersachsen, Schillerstra\u00dfe 32, 30159 Hannover, Deutschland<\/p><p>Die Europ\u00e4ische Kommission stellt eine Plattform zur Online-Streitbeilegung (OS) bereit, die Sie hier finden\u00a0<a href=\"https:\/\/ec.europa.eu\/consumers\/odr\/\" target=\"_blank\" rel=\"noopener\">https:\/\/ec.europa.eu\/consumers\/odr\/<\/a>. Zur Teilnahme an einem Streitbeilegungsverfahren vor einer Verbraucherschlichtungsstelle sind wir nicht verpflichtet und nicht bereit.<\/p>\t\t\t\t\t\t\t\t<\/div>\n\t\t\t\t<\/div>\n\t\t\t\t\t<\/div>\n\t\t\t\t<\/div>\n\t\t\t\t<\/div>\n\t\t","protected":false},"excerpt":{"rendered":"<p>Impressum Home Impressum Silke Prante Nadorster Stra\u00dfe 11726123 OldenburgDeutschland Telefon: 0441-87376 Mail:\u00a0praxisprante@ewe.net Kleinunternehmer gem\u00e4\u00df \u00a7 19 UStG Berufshaftpflichtversicherung: \u00d6ffentliche OldenburgStaugraben 1126122 OldenburgDer r\u00e4umliche Geltungsbereich des Versicherungsschutzes umfasst T\u00e4tigkeiten in Es besteht &#8211; unbeschadet der \u00fcbrigen Vertragsbestimmungen &#8211; Versicherungsschutz nur, soweit und solange dem keine auf die Vertragsparteien direkt anwendbaren Wirtschafts-, Handels- oder Finanzsanktionen bzw. Embargos [&hellip;]<\/p>\n","protected":false},"author":1,"featured_media":0,"parent":0,"menu_order":0,"comment_status":"closed","ping_status":"closed","template":"","meta":{"footnotes":""},"class_list":["post-266","page","type-page","status-publish","hentry"],"yoast_head":"<!-- This site is optimized with the Yoast SEO plugin v24.4 - https:\/\/yoast.com\/wordpress\/plugins\/seo\/ -->\n<title>Impressum - Silke Prante<\/title>\n<meta name=\"robots\" content=\"noindex, nofollow\" \/>\n<meta property=\"og:locale\" content=\"de_DE\" \/>\n<meta property=\"og:type\" content=\"article\" \/>\n<meta property=\"og:title\" content=\"Impressum - Silke Prante\" \/>\n<meta property=\"og:description\" content=\"Impressum Home Impressum Silke Prante Nadorster Stra\u00dfe 11726123 OldenburgDeutschland Telefon: 0441-87376 Mail:\u00a0praxisprante@ewe.net Kleinunternehmer gem\u00e4\u00df \u00a7 19 UStG Berufshaftpflichtversicherung: \u00d6ffentliche OldenburgStaugraben 1126122 OldenburgDer r\u00e4umliche Geltungsbereich des Versicherungsschutzes umfasst T\u00e4tigkeiten in Es besteht &#8211; unbeschadet der \u00fcbrigen Vertragsbestimmungen &#8211; Versicherungsschutz nur, soweit und solange dem keine auf die Vertragsparteien direkt anwendbaren Wirtschafts-, Handels- oder Finanzsanktionen bzw. Embargos [&hellip;]\" \/>\n<meta property=\"og:url\" content=\"https:\/\/physiotherapie-prante.de\/?page_id=266\" \/>\n<meta property=\"og:site_name\" content=\"Silke Prante\" \/>\n<meta property=\"article:modified_time\" content=\"2024-11-14T15:31:30+00:00\" \/>\n<meta name=\"twitter:card\" content=\"summary_large_image\" \/>\n<meta name=\"twitter:label1\" content=\"Gesch\u00e4tzte Lesezeit\" \/>\n\t<meta name=\"twitter:data1\" content=\"1\u00a0Minute\" \/>\n<script type=\"application\/ld+json\" class=\"yoast-schema-graph\">{\"@context\":\"https:\/\/schema.org\",\"@graph\":[{\"@type\":\"WebPage\",\"@id\":\"https:\/\/physiotherapie-prante.de\/?page_id=266\",\"url\":\"https:\/\/physiotherapie-prante.de\/?page_id=266\",\"name\":\"Impressum - Silke Prante\",\"isPartOf\":{\"@id\":\"https:\/\/physiotherapie-prante.de\/#website\"},\"datePublished\":\"2024-09-16T14:04:39+00:00\",\"dateModified\":\"2024-11-14T15:31:30+00:00\",\"breadcrumb\":{\"@id\":\"https:\/\/physiotherapie-prante.de\/?page_id=266#breadcrumb\"},\"inLanguage\":\"de\",\"potentialAction\":[{\"@type\":\"ReadAction\",\"target\":[\"https:\/\/physiotherapie-prante.de\/?page_id=266\"]}]},{\"@type\":\"BreadcrumbList\",\"@id\":\"https:\/\/physiotherapie-prante.de\/?page_id=266#breadcrumb\",\"itemListElement\":[{\"@type\":\"ListItem\",\"position\":1,\"name\":\"Home\",\"item\":\"https:\/\/physiotherapie-prante.de\/\"},{\"@type\":\"ListItem\",\"position\":2,\"name\":\"Impressum\"}]},{\"@type\":\"WebSite\",\"@id\":\"https:\/\/physiotherapie-prante.de\/#website\",\"url\":\"https:\/\/physiotherapie-prante.de\/\",\"name\":\"Silke Prante\",\"description\":\"Deine Physiotherapie Praxis in Oldenburg\",\"publisher\":{\"@id\":\"https:\/\/physiotherapie-prante.de\/#organization\"},\"potentialAction\":[{\"@type\":\"SearchAction\",\"target\":{\"@type\":\"EntryPoint\",\"urlTemplate\":\"https:\/\/physiotherapie-prante.de\/?s={search_term_string}\"},\"query-input\":{\"@type\":\"PropertyValueSpecification\",\"valueRequired\":true,\"valueName\":\"search_term_string\"}}],\"inLanguage\":\"de\"},{\"@type\":\"Organization\",\"@id\":\"https:\/\/physiotherapie-prante.de\/#organization\",\"name\":\"Physiotherapie Silke Prante\",\"alternateName\":\"Praxis Prante\",\"url\":\"https:\/\/physiotherapie-prante.de\/\",\"logo\":{\"@type\":\"ImageObject\",\"inLanguage\":\"de\",\"@id\":\"https:\/\/physiotherapie-prante.de\/#\/schema\/logo\/image\/\",\"url\":\"https:\/\/physiotherapie-prante.de\/wp-content\/uploads\/2024\/08\/cropped-Prante-Logo.png\",\"contentUrl\":\"https:\/\/physiotherapie-prante.de\/wp-content\/uploads\/2024\/08\/cropped-Prante-Logo.png\",\"width\":800,\"height\":459,\"caption\":\"Physiotherapie Silke Prante\"},\"image\":{\"@id\":\"https:\/\/physiotherapie-prante.de\/#\/schema\/logo\/image\/\"}}]}<\/script>\n<!-- \/ Yoast SEO plugin. -->","yoast_head_json":{"title":"Impressum - Silke Prante","robots":{"index":"noindex","follow":"nofollow"},"og_locale":"de_DE","og_type":"article","og_title":"Impressum - Silke Prante","og_description":"Impressum Home Impressum Silke Prante Nadorster Stra\u00dfe 11726123 OldenburgDeutschland Telefon: 0441-87376 Mail:\u00a0praxisprante@ewe.net Kleinunternehmer gem\u00e4\u00df \u00a7 19 UStG Berufshaftpflichtversicherung: \u00d6ffentliche OldenburgStaugraben 1126122 OldenburgDer r\u00e4umliche Geltungsbereich des Versicherungsschutzes umfasst T\u00e4tigkeiten in Es besteht &#8211; unbeschadet der \u00fcbrigen Vertragsbestimmungen &#8211; Versicherungsschutz nur, soweit und solange dem keine auf die Vertragsparteien direkt anwendbaren Wirtschafts-, Handels- oder Finanzsanktionen bzw. Embargos [&hellip;]","og_url":"https:\/\/physiotherapie-prante.de\/?page_id=266","og_site_name":"Silke Prante","article_modified_time":"2024-11-14T15:31:30+00:00","twitter_card":"summary_large_image","twitter_misc":{"Gesch\u00e4tzte Lesezeit":"1\u00a0Minute"},"schema":{"@context":"https:\/\/schema.org","@graph":[{"@type":"WebPage","@id":"https:\/\/physiotherapie-prante.de\/?page_id=266","url":"https:\/\/physiotherapie-prante.de\/?page_id=266","name":"Impressum - Silke Prante","isPartOf":{"@id":"https:\/\/physiotherapie-prante.de\/#website"},"datePublished":"2024-09-16T14:04:39+00:00","dateModified":"2024-11-14T15:31:30+00:00","breadcrumb":{"@id":"https:\/\/physiotherapie-prante.de\/?page_id=266#breadcrumb"},"inLanguage":"de","potentialAction":[{"@type":"ReadAction","target":["https:\/\/physiotherapie-prante.de\/?page_id=266"]}]},{"@type":"BreadcrumbList","@id":"https:\/\/physiotherapie-prante.de\/?page_id=266#breadcrumb","itemListElement":[{"@type":"ListItem","position":1,"name":"Home","item":"https:\/\/physiotherapie-prante.de\/"},{"@type":"ListItem","position":2,"name":"Impressum"}]},{"@type":"WebSite","@id":"https:\/\/physiotherapie-prante.de\/#website","url":"https:\/\/physiotherapie-prante.de\/","name":"Silke Prante","description":"Deine Physiotherapie Praxis in Oldenburg","publisher":{"@id":"https:\/\/physiotherapie-prante.de\/#organization"},"potentialAction":[{"@type":"SearchAction","target":{"@type":"EntryPoint","urlTemplate":"https:\/\/physiotherapie-prante.de\/?s={search_term_string}"},"query-input":{"@type":"PropertyValueSpecification","valueRequired":true,"valueName":"search_term_string"}}],"inLanguage":"de"},{"@type":"Organization","@id":"https:\/\/physiotherapie-prante.de\/#organization","name":"Physiotherapie Silke Prante","alternateName":"Praxis Prante","url":"https:\/\/physiotherapie-prante.de\/","logo":{"@type":"ImageObject","inLanguage":"de","@id":"https:\/\/physiotherapie-prante.de\/#\/schema\/logo\/image\/","url":"https:\/\/physiotherapie-prante.de\/wp-content\/uploads\/2024\/08\/cropped-Prante-Logo.png","contentUrl":"https:\/\/physiotherapie-prante.de\/wp-content\/uploads\/2024\/08\/cropped-Prante-Logo.png","width":800,"height":459,"caption":"Physiotherapie Silke Prante"},"image":{"@id":"https:\/\/physiotherapie-prante.de\/#\/schema\/logo\/image\/"}}]}},"_links":{"self":[{"href":"https:\/\/physiotherapie-prante.de\/index.php?rest_route=\/wp\/v2\/pages\/266","targetHints":{"allow":["GET"]}}],"collection":[{"href":"https:\/\/physiotherapie-prante.de\/index.php?rest_route=\/wp\/v2\/pages"}],"about":[{"href":"https:\/\/physiotherapie-prante.de\/index.php?rest_route=\/wp\/v2\/types\/page"}],"author":[{"embeddable":true,"href":"https:\/\/physiotherapie-prante.de\/index.php?rest_route=\/wp\/v2\/users\/1"}],"replies":[{"embeddable":true,"href":"https:\/\/physiotherapie-prante.de\/index.php?rest_route=%2Fwp%2Fv2%2Fcomments&post=266"}],"version-history":[{"count":4,"href":"https:\/\/physiotherapie-prante.de\/index.php?rest_route=\/wp\/v2\/pages\/266\/revisions"}],"predecessor-version":[{"id":270,"href":"https:\/\/physiotherapie-prante.de\/index.php?rest_route=\/wp\/v2\/pages\/266\/revisions\/270"}],"wp:attachment":[{"href":"https:\/\/physiotherapie-prante.de\/index.php?rest_route=%2Fwp%2Fv2%2Fmedia&parent=266"}],"curies":[{"name":"wp","href":"https:\/\/api.w.org\/{rel}","templated":true}]}}