{"id":540,"date":"2024-11-21T12:54:19","date_gmt":"2024-11-21T12:54:19","guid":{"rendered":"https:\/\/physiotherapie-prante.de\/?page_id=540"},"modified":"2024-11-21T12:56:15","modified_gmt":"2024-11-21T12:56:15","slug":"news","status":"publish","type":"page","link":"https:\/\/physiotherapie-prante.de\/?page_id=540","title":{"rendered":"News"},"content":{"rendered":"\t\t<div data-elementor-type=\"wp-page\" data-elementor-id=\"540\" class=\"elementor elementor-540\" data-elementor-post-type=\"page\">\n\t\t\t\t\t\t<section class=\"elementor-section elementor-top-section elementor-element elementor-element-9a17742 elementor-section-boxed elementor-section-height-default elementor-section-height-default\" data-id=\"9a17742\" data-element_type=\"section\" data-settings=\"{&quot;background_background&quot;:&quot;gradient&quot;}\">\n\t\t\t\t\t\t<div class=\"elementor-container elementor-column-gap-default\">\n\t\t\t\t\t<div class=\"elementor-column elementor-col-100 elementor-top-column elementor-element elementor-element-22a6e7f\" data-id=\"22a6e7f\" data-element_type=\"column\" data-settings=\"{&quot;background_background&quot;:&quot;gradient&quot;}\">\n\t\t\t<div class=\"elementor-widget-wrap elementor-element-populated\">\n\t\t\t\t\t<div class=\"elementor-background-overlay\"><\/div>\n\t\t\t\t\t\t<div class=\"elementor-element elementor-element-7c48db8 elementor-widget elementor-widget-heading\" data-id=\"7c48db8\" data-element_type=\"widget\" data-widget_type=\"heading.default\">\n\t\t\t\t<div class=\"elementor-widget-container\">\n\t\t\t\t\t<h2 class=\"elementor-heading-title elementor-size-default\">News<\/h2>\t\t\t\t<\/div>\n\t\t\t\t<\/div>\n\t\t\t\t<div class=\"elementor-element elementor-element-ab83bde elementor-icon-list--layout-inline elementor-align-center elementor-widget__width-auto elementor-list-item-link-full_width elementor-widget elementor-widget-icon-list\" data-id=\"ab83bde\" data-element_type=\"widget\" data-widget_type=\"icon-list.default\">\n\t\t\t\t<div class=\"elementor-widget-container\">\n\t\t\t\t\t\t\t<ul class=\"elementor-icon-list-items elementor-inline-items\">\n\t\t\t\t\t\t\t<li class=\"elementor-icon-list-item elementor-inline-item\">\n\t\t\t\t\t\t\t\t\t\t<span class=\"elementor-icon-list-text\">Home<\/span>\n\t\t\t\t\t\t\t\t\t<\/li>\n\t\t\t\t\t\t\t\t<li class=\"elementor-icon-list-item elementor-inline-item\">\n\t\t\t\t\t\t\t\t\t\t\t<span class=\"elementor-icon-list-icon\">\n\t\t\t\t\t\t\t<svg aria-hidden=\"true\" class=\"e-font-icon-svg e-fas-chevron-right\" viewBox=\"0 0 320 512\" xmlns=\"http:\/\/www.w3.org\/2000\/svg\"><path d=\"M285.476 272.971L91.132 467.314c-9.373 9.373-24.569 9.373-33.941 0l-22.667-22.667c-9.357-9.357-9.375-24.522-.04-33.901L188.505 256 34.484 101.255c-9.335-9.379-9.317-24.544.04-33.901l22.667-22.667c9.373-9.373 24.569-9.373 33.941 0L285.475 239.03c9.373 9.372 9.373 24.568.001 33.941z\"><\/path><\/svg>\t\t\t\t\t\t<\/span>\n\t\t\t\t\t\t\t\t\t\t<span class=\"elementor-icon-list-text\">\u00dcber uns<\/span>\n\t\t\t\t\t\t\t\t\t<\/li>\n\t\t\t\t\t\t<\/ul>\n\t\t\t\t\t\t<\/div>\n\t\t\t\t<\/div>\n\t\t\t\t\t<\/div>\n\t\t<\/div>\n\t\t\t\t\t<\/div>\n\t\t<\/section>\n\t\t<div class=\"elementor-element elementor-element-ea6b2f8 e-flex e-con-boxed e-con e-parent\" data-id=\"ea6b2f8\" data-element_type=\"container\">\n\t\t\t\t\t<div class=\"e-con-inner\">\n\t\t\t\t<div class=\"elementor-element elementor-element-d3699a7 elementor-grid-3 elementor-grid-tablet-2 elementor-grid-mobile-1 elementor-posts--thumbnail-top elementor-widget elementor-widget-posts\" data-id=\"d3699a7\" data-element_type=\"widget\" data-settings=\"{&quot;classic_columns&quot;:&quot;3&quot;,&quot;classic_columns_tablet&quot;:&quot;2&quot;,&quot;classic_columns_mobile&quot;:&quot;1&quot;,&quot;classic_row_gap&quot;:{&quot;unit&quot;:&quot;px&quot;,&quot;size&quot;:35,&quot;sizes&quot;:[]},&quot;classic_row_gap_tablet&quot;:{&quot;unit&quot;:&quot;px&quot;,&quot;size&quot;:&quot;&quot;,&quot;sizes&quot;:[]},&quot;classic_row_gap_mobile&quot;:{&quot;unit&quot;:&quot;px&quot;,&quot;size&quot;:&quot;&quot;,&quot;sizes&quot;:[]}}\" data-widget_type=\"posts.classic\">\n\t\t\t\t<div class=\"elementor-widget-container\">\n\t\t\t\t\t\t\t<div class=\"elementor-posts-container elementor-posts elementor-posts--skin-classic elementor-grid\">\n\t\t\t\t<article class=\"elementor-post elementor-grid-item post-532 post type-post status-publish format-standard has-post-thumbnail hentry category-uncategorized\">\n\t\t\t\t<a class=\"elementor-post__thumbnail__link\" href=\"https:\/\/physiotherapie-prante.de\/?p=532\" tabindex=\"-1\" >\n\t\t\t<div class=\"elementor-post__thumbnail\"><img decoding=\"async\" width=\"300\" height=\"158\" src=\"https:\/\/physiotherapie-prante.de\/wp-content\/uploads\/2024\/11\/D1-Heilmittelkombination-1-300x158.jpg\" class=\"attachment-medium size-medium wp-image-538\" alt=\"\" srcset=\"https:\/\/physiotherapie-prante.de\/wp-content\/uploads\/2024\/11\/D1-Heilmittelkombination-1-300x158.jpg 300w, https:\/\/physiotherapie-prante.de\/wp-content\/uploads\/2024\/11\/D1-Heilmittelkombination-1-1024x540.jpg 1024w, https:\/\/physiotherapie-prante.de\/wp-content\/uploads\/2024\/11\/D1-Heilmittelkombination-1-768x405.jpg 768w, https:\/\/physiotherapie-prante.de\/wp-content\/uploads\/2024\/11\/D1-Heilmittelkombination-1-1536x810.jpg 1536w, https:\/\/physiotherapie-prante.de\/wp-content\/uploads\/2024\/11\/D1-Heilmittelkombination-1.jpg 2048w\" sizes=\"(max-width: 300px) 100vw, 300px\" \/><\/div>\n\t\t<\/a>\n\t\t\t\t<div class=\"elementor-post__text\">\n\t\t\t\t<h3 class=\"elementor-post__title\">\n\t\t\t<a href=\"https:\/\/physiotherapie-prante.de\/?p=532\" >\n\t\t\t\tD1-Heilmittelkombination: Alles, was Sie wissen m\u00fcssen\t\t\t<\/a>\n\t\t<\/h3>\n\t\t\t\t<div class=\"elementor-post__meta-data\">\n\t\t\t\t\t<span class=\"elementor-post-date\">\n\t\t\tNovember 21, 2024\t\t<\/span>\n\t\t\t\t<\/div>\n\t\t\t\t<div class=\"elementor-post__excerpt\">\n\t\t\t<p>Die D1-Heilmittelkombination ist eine vielseitige und innovative Therapieform, die mehrere physiotherapeutische Leistungen in einer Verordnung vereint.<\/p>\n\t\t<\/div>\n\t\t\n\t\t<a class=\"elementor-post__read-more\" href=\"https:\/\/physiotherapie-prante.de\/?p=532\" aria-label=\"Read more about D1-Heilmittelkombination: Alles, was Sie wissen m\u00fcssen\" tabindex=\"-1\" >\n\t\t\tWeiterlesen \u00bb\t\t<\/a>\n\n\t\t\t\t<\/div>\n\t\t\t\t<\/article>\n\t\t\t\t<article class=\"elementor-post elementor-grid-item post-519 post type-post status-publish format-standard has-post-thumbnail hentry category-uncategorized\">\n\t\t\t\t<a class=\"elementor-post__thumbnail__link\" href=\"https:\/\/physiotherapie-prante.de\/?p=519\" tabindex=\"-1\" >\n\t\t\t<div class=\"elementor-post__thumbnail\"><img fetchpriority=\"high\" decoding=\"async\" width=\"300\" height=\"200\" src=\"https:\/\/physiotherapie-prante.de\/wp-content\/uploads\/2024\/11\/Therapie-am-KG-Geraet-1-300x200.jpg\" class=\"attachment-medium size-medium wp-image-524\" alt=\"\" srcset=\"https:\/\/physiotherapie-prante.de\/wp-content\/uploads\/2024\/11\/Therapie-am-KG-Geraet-1-300x200.jpg 300w, https:\/\/physiotherapie-prante.de\/wp-content\/uploads\/2024\/11\/Therapie-am-KG-Geraet-1-1024x683.jpg 1024w, https:\/\/physiotherapie-prante.de\/wp-content\/uploads\/2024\/11\/Therapie-am-KG-Geraet-1-768x512.jpg 768w, https:\/\/physiotherapie-prante.de\/wp-content\/uploads\/2024\/11\/Therapie-am-KG-Geraet-1-1536x1024.jpg 1536w, https:\/\/physiotherapie-prante.de\/wp-content\/uploads\/2024\/11\/Therapie-am-KG-Geraet-1.jpg 1800w\" sizes=\"(max-width: 300px) 100vw, 300px\" \/><\/div>\n\t\t<\/a>\n\t\t\t\t<div class=\"elementor-post__text\">\n\t\t\t\t<h3 class=\"elementor-post__title\">\n\t\t\t<a href=\"https:\/\/physiotherapie-prante.de\/?p=519\" >\n\t\t\t\tTherapie am KG-Ger\u00e4t: Effektive Unterst\u00fctzung f\u00fcr Ihre Gesundheit\t\t\t<\/a>\n\t\t<\/h3>\n\t\t\t\t<div class=\"elementor-post__meta-data\">\n\t\t\t\t\t<span class=\"elementor-post-date\">\n\t\t\tNovember 21, 2024\t\t<\/span>\n\t\t\t\t<\/div>\n\t\t\t\t<div class=\"elementor-post__excerpt\">\n\t\t\t<p>Die Therapie am KG-Ger\u00e4t ist eine effektive Methode, um die k\u00f6rperliche Fitness zu verbessern, Schmerzen zu lindern und die Rehabilitation nach Verletzungen oder Operationen zu unterst\u00fctzen.<\/p>\n\t\t<\/div>\n\t\t\n\t\t<a class=\"elementor-post__read-more\" href=\"https:\/\/physiotherapie-prante.de\/?p=519\" aria-label=\"Read more about Therapie am KG-Ger\u00e4t: Effektive Unterst\u00fctzung f\u00fcr Ihre Gesundheit\" tabindex=\"-1\" >\n\t\t\tWeiterlesen \u00bb\t\t<\/a>\n\n\t\t\t\t<\/div>\n\t\t\t\t<\/article>\n\t\t\t\t<article class=\"elementor-post elementor-grid-item post-376 post type-post status-publish format-standard has-post-thumbnail hentry category-uncategorized\">\n\t\t\t\t<a class=\"elementor-post__thumbnail__link\" href=\"https:\/\/physiotherapie-prante.de\/?p=376\" tabindex=\"-1\" >\n\t\t\t<div class=\"elementor-post__thumbnail\"><img decoding=\"async\" width=\"300\" height=\"200\" src=\"https:\/\/physiotherapie-prante.de\/wp-content\/uploads\/2024\/11\/Blankoverordnung-Physiotherapie-1-300x200.jpg\" class=\"attachment-medium size-medium wp-image-392\" alt=\"\" srcset=\"https:\/\/physiotherapie-prante.de\/wp-content\/uploads\/2024\/11\/Blankoverordnung-Physiotherapie-1-300x200.jpg 300w, https:\/\/physiotherapie-prante.de\/wp-content\/uploads\/2024\/11\/Blankoverordnung-Physiotherapie-1-1024x683.jpg 1024w, https:\/\/physiotherapie-prante.de\/wp-content\/uploads\/2024\/11\/Blankoverordnung-Physiotherapie-1-768x512.jpg 768w, https:\/\/physiotherapie-prante.de\/wp-content\/uploads\/2024\/11\/Blankoverordnung-Physiotherapie-1-1536x1024.jpg 1536w, https:\/\/physiotherapie-prante.de\/wp-content\/uploads\/2024\/11\/Blankoverordnung-Physiotherapie-1.jpg 1800w\" sizes=\"(max-width: 300px) 100vw, 300px\" \/><\/div>\n\t\t<\/a>\n\t\t\t\t<div class=\"elementor-post__text\">\n\t\t\t\t<h3 class=\"elementor-post__title\">\n\t\t\t<a href=\"https:\/\/physiotherapie-prante.de\/?p=376\" >\n\t\t\t\tBlankoverordnung f\u00fcr Krankengymnastik\t\t\t<\/a>\n\t\t<\/h3>\n\t\t\t\t<div class=\"elementor-post__meta-data\">\n\t\t\t\t\t<span class=\"elementor-post-date\">\n\t\t\tNovember 6, 2024\t\t<\/span>\n\t\t\t\t<\/div>\n\t\t\t\t<div class=\"elementor-post__excerpt\">\n\t\t\t<p>Die Blankoverordnung f\u00fcr Krankengymnastik stellt einen innovativen Ansatz dar, um die Qualit\u00e4t und Effizienz der physiotherapeutischen Versorgung zu verbessern.<\/p>\n\t\t<\/div>\n\t\t\n\t\t<a class=\"elementor-post__read-more\" href=\"https:\/\/physiotherapie-prante.de\/?p=376\" aria-label=\"Read more about Blankoverordnung f\u00fcr Krankengymnastik\" tabindex=\"-1\" >\n\t\t\tWeiterlesen \u00bb\t\t<\/a>\n\n\t\t\t\t<\/div>\n\t\t\t\t<\/article>\n\t\t\t\t<\/div>\n\t\t\n\t\t\t\t\t\t<\/div>\n\t\t\t\t<\/div>\n\t\t\t\t\t<\/div>\n\t\t\t\t<\/div>\n\t\t\t\t<\/div>\n\t\t","protected":false},"excerpt":{"rendered":"<p>News Home \u00dcber uns<\/p>\n","protected":false},"author":1,"featured_media":0,"parent":0,"menu_order":0,"comment_status":"closed","ping_status":"closed","template":"","meta":{"footnotes":""},"class_list":["post-540","page","type-page","status-publish","hentry"],"yoast_head":"<!-- This site is optimized with the Yoast SEO plugin v24.4 - https:\/\/yoast.com\/wordpress\/plugins\/seo\/ -->\n<title>News - Silke Prante<\/title>\n<meta name=\"description\" content=\"Bleiben Sie auf dem Laufenden: Aktuelle News und wichtige Informationen aus der Gesundheitsbranche. Bei uns sind Sie informiert.\" \/>\n<meta name=\"robots\" content=\"index, follow, max-snippet:-1, max-image-preview:large, max-video-preview:-1\" \/>\n<link rel=\"canonical\" href=\"https:\/\/physiotherapie-prante.de\/?page_id=540\" \/>\n<meta property=\"og:locale\" content=\"de_DE\" \/>\n<meta property=\"og:type\" content=\"article\" \/>\n<meta property=\"og:title\" content=\"News - Silke Prante\" \/>\n<meta property=\"og:description\" content=\"Bleiben Sie auf dem Laufenden: Aktuelle News und wichtige Informationen aus der Gesundheitsbranche. Bei uns sind Sie informiert.\" \/>\n<meta property=\"og:url\" content=\"https:\/\/physiotherapie-prante.de\/?page_id=540\" \/>\n<meta property=\"og:site_name\" content=\"Silke Prante\" \/>\n<meta property=\"article:modified_time\" content=\"2024-11-21T12:56:15+00:00\" \/>\n<meta name=\"twitter:card\" content=\"summary_large_image\" \/>\n<meta name=\"twitter:label1\" content=\"Gesch\u00e4tzte Lesezeit\" \/>\n\t<meta name=\"twitter:data1\" content=\"2\u00a0Minuten\" \/>\n<script type=\"application\/ld+json\" class=\"yoast-schema-graph\">{\"@context\":\"https:\/\/schema.org\",\"@graph\":[{\"@type\":\"WebPage\",\"@id\":\"https:\/\/physiotherapie-prante.de\/?page_id=540\",\"url\":\"https:\/\/physiotherapie-prante.de\/?page_id=540\",\"name\":\"News - Silke Prante\",\"isPartOf\":{\"@id\":\"https:\/\/physiotherapie-prante.de\/#website\"},\"datePublished\":\"2024-11-21T12:54:19+00:00\",\"dateModified\":\"2024-11-21T12:56:15+00:00\",\"description\":\"Bleiben Sie auf dem Laufenden: Aktuelle News und wichtige Informationen aus der Gesundheitsbranche. Bei uns sind Sie informiert.\",\"breadcrumb\":{\"@id\":\"https:\/\/physiotherapie-prante.de\/?page_id=540#breadcrumb\"},\"inLanguage\":\"de\",\"potentialAction\":[{\"@type\":\"ReadAction\",\"target\":[\"https:\/\/physiotherapie-prante.de\/?page_id=540\"]}]},{\"@type\":\"BreadcrumbList\",\"@id\":\"https:\/\/physiotherapie-prante.de\/?page_id=540#breadcrumb\",\"itemListElement\":[{\"@type\":\"ListItem\",\"position\":1,\"name\":\"Home\",\"item\":\"https:\/\/physiotherapie-prante.de\/\"},{\"@type\":\"ListItem\",\"position\":2,\"name\":\"News\"}]},{\"@type\":\"WebSite\",\"@id\":\"https:\/\/physiotherapie-prante.de\/#website\",\"url\":\"https:\/\/physiotherapie-prante.de\/\",\"name\":\"Silke Prante\",\"description\":\"Deine Physiotherapie Praxis in Oldenburg\",\"publisher\":{\"@id\":\"https:\/\/physiotherapie-prante.de\/#organization\"},\"potentialAction\":[{\"@type\":\"SearchAction\",\"target\":{\"@type\":\"EntryPoint\",\"urlTemplate\":\"https:\/\/physiotherapie-prante.de\/?s={search_term_string}\"},\"query-input\":{\"@type\":\"PropertyValueSpecification\",\"valueRequired\":true,\"valueName\":\"search_term_string\"}}],\"inLanguage\":\"de\"},{\"@type\":\"Organization\",\"@id\":\"https:\/\/physiotherapie-prante.de\/#organization\",\"name\":\"Physiotherapie Silke Prante\",\"alternateName\":\"Praxis Prante\",\"url\":\"https:\/\/physiotherapie-prante.de\/\",\"logo\":{\"@type\":\"ImageObject\",\"inLanguage\":\"de\",\"@id\":\"https:\/\/physiotherapie-prante.de\/#\/schema\/logo\/image\/\",\"url\":\"https:\/\/physiotherapie-prante.de\/wp-content\/uploads\/2024\/08\/cropped-Prante-Logo.png\",\"contentUrl\":\"https:\/\/physiotherapie-prante.de\/wp-content\/uploads\/2024\/08\/cropped-Prante-Logo.png\",\"width\":800,\"height\":459,\"caption\":\"Physiotherapie Silke Prante\"},\"image\":{\"@id\":\"https:\/\/physiotherapie-prante.de\/#\/schema\/logo\/image\/\"}}]}<\/script>\n<!-- \/ Yoast SEO plugin. -->","yoast_head_json":{"title":"News - Silke Prante","description":"Bleiben Sie auf dem Laufenden: Aktuelle News und wichtige Informationen aus der Gesundheitsbranche. Bei uns sind Sie informiert.","robots":{"index":"index","follow":"follow","max-snippet":"max-snippet:-1","max-image-preview":"max-image-preview:large","max-video-preview":"max-video-preview:-1"},"canonical":"https:\/\/physiotherapie-prante.de\/?page_id=540","og_locale":"de_DE","og_type":"article","og_title":"News - Silke Prante","og_description":"Bleiben Sie auf dem Laufenden: Aktuelle News und wichtige Informationen aus der Gesundheitsbranche. Bei uns sind Sie informiert.","og_url":"https:\/\/physiotherapie-prante.de\/?page_id=540","og_site_name":"Silke Prante","article_modified_time":"2024-11-21T12:56:15+00:00","twitter_card":"summary_large_image","twitter_misc":{"Gesch\u00e4tzte Lesezeit":"2\u00a0Minuten"},"schema":{"@context":"https:\/\/schema.org","@graph":[{"@type":"WebPage","@id":"https:\/\/physiotherapie-prante.de\/?page_id=540","url":"https:\/\/physiotherapie-prante.de\/?page_id=540","name":"News - Silke Prante","isPartOf":{"@id":"https:\/\/physiotherapie-prante.de\/#website"},"datePublished":"2024-11-21T12:54:19+00:00","dateModified":"2024-11-21T12:56:15+00:00","description":"Bleiben Sie auf dem Laufenden: Aktuelle News und wichtige Informationen aus der Gesundheitsbranche. Bei uns sind Sie informiert.","breadcrumb":{"@id":"https:\/\/physiotherapie-prante.de\/?page_id=540#breadcrumb"},"inLanguage":"de","potentialAction":[{"@type":"ReadAction","target":["https:\/\/physiotherapie-prante.de\/?page_id=540"]}]},{"@type":"BreadcrumbList","@id":"https:\/\/physiotherapie-prante.de\/?page_id=540#breadcrumb","itemListElement":[{"@type":"ListItem","position":1,"name":"Home","item":"https:\/\/physiotherapie-prante.de\/"},{"@type":"ListItem","position":2,"name":"News"}]},{"@type":"WebSite","@id":"https:\/\/physiotherapie-prante.de\/#website","url":"https:\/\/physiotherapie-prante.de\/","name":"Silke Prante","description":"Deine Physiotherapie Praxis in Oldenburg","publisher":{"@id":"https:\/\/physiotherapie-prante.de\/#organization"},"potentialAction":[{"@type":"SearchAction","target":{"@type":"EntryPoint","urlTemplate":"https:\/\/physiotherapie-prante.de\/?s={search_term_string}"},"query-input":{"@type":"PropertyValueSpecification","valueRequired":true,"valueName":"search_term_string"}}],"inLanguage":"de"},{"@type":"Organization","@id":"https:\/\/physiotherapie-prante.de\/#organization","name":"Physiotherapie Silke Prante","alternateName":"Praxis Prante","url":"https:\/\/physiotherapie-prante.de\/","logo":{"@type":"ImageObject","inLanguage":"de","@id":"https:\/\/physiotherapie-prante.de\/#\/schema\/logo\/image\/","url":"https:\/\/physiotherapie-prante.de\/wp-content\/uploads\/2024\/08\/cropped-Prante-Logo.png","contentUrl":"https:\/\/physiotherapie-prante.de\/wp-content\/uploads\/2024\/08\/cropped-Prante-Logo.png","width":800,"height":459,"caption":"Physiotherapie Silke Prante"},"image":{"@id":"https:\/\/physiotherapie-prante.de\/#\/schema\/logo\/image\/"}}]}},"_links":{"self":[{"href":"https:\/\/physiotherapie-prante.de\/index.php?rest_route=\/wp\/v2\/pages\/540","targetHints":{"allow":["GET"]}}],"collection":[{"href":"https:\/\/physiotherapie-prante.de\/index.php?rest_route=\/wp\/v2\/pages"}],"about":[{"href":"https:\/\/physiotherapie-prante.de\/index.php?rest_route=\/wp\/v2\/types\/page"}],"author":[{"embeddable":true,"href":"https:\/\/physiotherapie-prante.de\/index.php?rest_route=\/wp\/v2\/users\/1"}],"replies":[{"embeddable":true,"href":"https:\/\/physiotherapie-prante.de\/index.php?rest_route=%2Fwp%2Fv2%2Fcomments&post=540"}],"version-history":[{"count":7,"href":"https:\/\/physiotherapie-prante.de\/index.php?rest_route=\/wp\/v2\/pages\/540\/revisions"}],"predecessor-version":[{"id":547,"href":"https:\/\/physiotherapie-prante.de\/index.php?rest_route=\/wp\/v2\/pages\/540\/revisions\/547"}],"wp:attachment":[{"href":"https:\/\/physiotherapie-prante.de\/index.php?rest_route=%2Fwp%2Fv2%2Fmedia&parent=540"}],"curies":[{"name":"wp","href":"https:\/\/api.w.org\/{rel}","templated":true}]}}